{"id":1714,"date":"2025-06-10T19:32:38","date_gmt":"2025-06-10T19:32:38","guid":{"rendered":"http:\/\/topoffice.ch\/?page_id=1714"},"modified":"2025-06-11T08:34:05","modified_gmt":"2025-06-11T08:34:05","slug":"unsere-partner","status":"publish","type":"page","link":"https:\/\/www.topoffice.ch\/?page_id=1714","title":{"rendered":"Unsere Partner"},"content":{"rendered":"\n<p>Wir arbeiten mit den Buchhaltungs- und Lohn-Programmen von AgroOffice und Pinus.<\/p>\n\n\n\n<figure class=\"wp-block-image size-full is-resized\"><a href=\"https:\/\/www.agro-office.ch\/\" target=\"_blank\" rel=\" noreferrer noopener\"><img loading=\"lazy\" decoding=\"async\" width=\"445\" height=\"168\" src=\"http:\/\/topoffice.ch\/wp-content\/uploads\/2025\/06\/AgroOffice-1-e1749584376560.jpeg\" alt=\"Partner\" class=\"wp-image-1700\" style=\"width:300px\"\/><\/a><\/figure>\n\n\n\n<figure class=\"wp-block-image size-large is-resized\"><a href=\"https:\/\/pinus-buchhaltungssoftware.ch\/\" target=\"_blank\" rel=\" noreferrer noopener\"><img alt=\"\" loading=\"lazy\" decoding=\"async\" width=\"1024\" height=\"462\" src=\"http:\/\/topoffice.ch\/wp-content\/uploads\/2025\/06\/pinus_logo-1024x462.png\" alt=\"\" class=\"wp-image-1725\" style=\"width:300px\" srcset=\"https:\/\/www.topoffice.ch\/wp-content\/uploads\/2025\/06\/pinus_logo-1024x462.png 1024w, https:\/\/www.topoffice.ch\/wp-content\/uploads\/2025\/06\/pinus_logo-300x135.png 300w, https:\/\/www.topoffice.ch\/wp-content\/uploads\/2025\/06\/pinus_logo-768x347.png 768w, https:\/\/www.topoffice.ch\/wp-content\/uploads\/2025\/06\/pinus_logo-1536x694.png 1536w, https:\/\/www.topoffice.ch\/wp-content\/uploads\/2025\/06\/pinus_logo.png 1920w\" sizes=\"auto, (max-width: 1024px) 100vw, 1024px\" \/><\/a><\/figure>\n\n\n\n<p>Je nach Wunsch erledigen wir die Buchhaltungsarbeiten komplett bei uns oder Sie erfassen die Buchungen im einfachen Buchungsassistenten selbst. Ihre Buchungen pr\u00fcfen wir vor dem Jahresabschluss und nehmen die n\u00f6tigen Korrekturen und \u00c4nderungen vor und erstellen den Steuerabschluss.<\/p>\n\n\n\n<p><\/p>\n","protected":false},"excerpt":{"rendered":"<p>Wir arbeiten mit den Buchhaltungs- und Lohn-Programmen von AgroOffice und Pinus. Je nach Wunsch erledigen wir die Buchhaltungsarbeiten komplett bei uns oder Sie erfassen die Buchungen im einfachen Buchungsassistenten selbst. &#8230;<\/p>\n","protected":false},"author":1,"featured_media":0,"parent":0,"menu_order":0,"comment_status":"closed","ping_status":"closed","template":"","meta":{"_seopress_robots_primary_cat":"","_seopress_titles_title":"","_seopress_titles_desc":"","_seopress_robots_index":"","footnotes":""},"class_list":["post-1714","page","type-page","status-publish","hentry"],"_links":{"self":[{"href":"https:\/\/www.topoffice.ch\/index.php?rest_route=\/wp\/v2\/pages\/1714","targetHints":{"allow":["GET"]}}],"collection":[{"href":"https:\/\/www.topoffice.ch\/index.php?rest_route=\/wp\/v2\/pages"}],"about":[{"href":"https:\/\/www.topoffice.ch\/index.php?rest_route=\/wp\/v2\/types\/page"}],"author":[{"embeddable":true,"href":"https:\/\/www.topoffice.ch\/index.php?rest_route=\/wp\/v2\/users\/1"}],"replies":[{"embeddable":true,"href":"https:\/\/www.topoffice.ch\/index.php?rest_route=%2Fwp%2Fv2%2Fcomments&post=1714"}],"version-history":[{"count":3,"href":"https:\/\/www.topoffice.ch\/index.php?rest_route=\/wp\/v2\/pages\/1714\/revisions"}],"predecessor-version":[{"id":1728,"href":"https:\/\/www.topoffice.ch\/index.php?rest_route=\/wp\/v2\/pages\/1714\/revisions\/1728"}],"wp:attachment":[{"href":"https:\/\/www.topoffice.ch\/index.php?rest_route=%2Fwp%2Fv2%2Fmedia&parent=1714"}],"curies":[{"name":"wp","href":"https:\/\/api.w.org\/{rel}","templated":true}]}}