{"id":1421,"date":"2016-02-12T08:13:06","date_gmt":"2016-02-12T08:13:06","guid":{"rendered":"http:\/\/demos.famethemes.com\/onepress\/?page_id=24"},"modified":"2025-06-25T08:30:41","modified_gmt":"2025-06-25T08:30:41","slug":"service-title-2","status":"publish","type":"page","link":"https:\/\/www.topoffice.ch\/?page_id=1421","title":{"rendered":"Buchhaltungen (j\u00e4hrlich oder fortlaufend)"},"content":{"rendered":"\n<p><strong>Buchhaltungen nach Ihren Bed\u00fcrnissen<\/strong><\/p>\n\n\n\n<p>Je nach Wunsch erledigen wir die Buchhaltungsarbeiten komplett bei uns oder Sie erfassen die Buchungen im einfachen Buchungsassistenten selbst. Ihre Buchungen pr\u00fcfen wir vor dem Jahresabschluss und nehmen die n\u00f6tigen Korrekturen und \u00c4nderungen vor und erstellen den Steuerabschluss.<\/p>\n\n\n\n<p>Dank unserer speditiven und effizienten Arbeitsweise halten sich Ihre Buchhaltungskosten in einem g\u00fcnstigen Rahmen.<\/p>\n\n\n\n<p><\/p>\n","protected":false},"excerpt":{"rendered":"<p>Buchhaltungen nach Ihren Bed\u00fcrnissen Je nach Wunsch erledigen wir die Buchhaltungsarbeiten komplett bei uns oder Sie erfassen die Buchungen im einfachen Buchungsassistenten selbst. Ihre Buchungen pr\u00fcfen wir vor dem Jahresabschluss &#8230;<\/p>\n","protected":false},"author":2,"featured_media":0,"parent":0,"menu_order":0,"comment_status":"closed","ping_status":"closed","template":"","meta":{"_seopress_robots_primary_cat":"","_seopress_titles_title":"","_seopress_titles_desc":"","_seopress_robots_index":"","footnotes":""},"class_list":["post-1421","page","type-page","status-publish","hentry"],"_links":{"self":[{"href":"https:\/\/www.topoffice.ch\/index.php?rest_route=\/wp\/v2\/pages\/1421","targetHints":{"allow":["GET"]}}],"collection":[{"href":"https:\/\/www.topoffice.ch\/index.php?rest_route=\/wp\/v2\/pages"}],"about":[{"href":"https:\/\/www.topoffice.ch\/index.php?rest_route=\/wp\/v2\/types\/page"}],"author":[{"embeddable":true,"href":"https:\/\/www.topoffice.ch\/index.php?rest_route=\/wp\/v2\/users\/2"}],"replies":[{"embeddable":true,"href":"https:\/\/www.topoffice.ch\/index.php?rest_route=%2Fwp%2Fv2%2Fcomments&post=1421"}],"version-history":[{"count":5,"href":"https:\/\/www.topoffice.ch\/index.php?rest_route=\/wp\/v2\/pages\/1421\/revisions"}],"predecessor-version":[{"id":1803,"href":"https:\/\/www.topoffice.ch\/index.php?rest_route=\/wp\/v2\/pages\/1421\/revisions\/1803"}],"wp:attachment":[{"href":"https:\/\/www.topoffice.ch\/index.php?rest_route=%2Fwp%2Fv2%2Fmedia&parent=1421"}],"curies":[{"name":"wp","href":"https:\/\/api.w.org\/{rel}","templated":true}]}}