{"id":1420,"date":"2016-02-12T08:12:49","date_gmt":"2016-02-12T08:12:49","guid":{"rendered":"http:\/\/demos.famethemes.com\/onepress\/?page_id=23"},"modified":"2025-06-25T08:05:22","modified_gmt":"2025-06-25T08:05:22","slug":"service-title-1","status":"publish","type":"page","link":"https:\/\/www.topoffice.ch\/?page_id=1420","title":{"rendered":"Steuererkl\u00e4rungen (f\u00fcr Private und Selbst\u00e4ndigerwerbende)"},"content":{"rendered":"\n<p><strong>Steuerkl\u00e4rungen sind seit Jahren unser Spezialgebiet, lassen sie sich \u00fcberzeugen.<\/strong><\/p>\n\n\n\n<p>Ob eine komplette ausgef\u00fcllte Steuerkl\u00e4rung, \u00fcber Nachfragen bei den Steuerbeh\u00f6rden und Einsprachen, wir kennen uns aus. <\/p>\n\n\n\n<p>Wir erledigen f\u00fcr Sie die Steuerkl\u00e4rung f\u00fcr diverse Kantone: (Weitere Kantone auf Anfrage)<\/p>\n\n\n\n<p><a href=\"https:\/\/www.sv.fin.be.ch\/\">Steuerverwaltung des Kantons Bern<\/a><br><a href=\"https:\/\/so.ch\/verwaltung\/finanzdepartement\/steueramt\/\">Steuerverwaltung des Kantons Solothurn<\/a><br><a href=\"https:\/\/www.fr.ch\/de\/find\/kstv\">Steuerverwaltung des Kantons Freiburg<\/a><br><a href=\"https:\/\/www.akbern.ch\/de\">Ausgleichskasse des Kantons Bern<\/a><\/p>\n\n\n\n<p>Fristverl\u00e4ngerungen:<br>Wenn Sie die Abgabefrist f\u00fcr die Steuererkl\u00e4rung nicht selbst verl\u00e4ngern k\u00f6nnen oder m\u00f6chten, k\u00f6nnen Sie uns benachrichtigen. Wir erledigen das f\u00fcr Sie. Senden Sie uns einfach ein Foto des Deckblattes (Begleitbriefes) Ihrer Steuererkl\u00e4rung<\/p>\n\n\n\n<p>per Whatsapp an 079 646 20 81<\/p>\n\n\n\n<p>Mit den Angaben auf dem Begleitblatt k\u00f6nnen wir die Abgabefrist online bei der jeweiligen Steuerbeh\u00f6rde f\u00fcr Sie verl\u00e4ngern.<\/p>\n\n\n\n<p><a href=\"http:\/\/topoffice.ch\/wp-content\/uploads\/2025\/06\/Checkliste-Steuererklaerung.pdf\" data-type=\"link\" data-id=\"http:\/\/topoffice.ch\/wp-content\/uploads\/2025\/06\/Checkliste-Steuererklaerung.pdf\">Checkliste f\u00fcr Ihre n\u00e4chste Steuererkl\u00e4rung:<\/a><\/p>\n","protected":false},"excerpt":{"rendered":"<p>Steuerkl\u00e4rungen sind seit Jahren unser Spezialgebiet, lassen sie sich \u00fcberzeugen. Ob eine komplette ausgef\u00fcllte Steuerkl\u00e4rung, \u00fcber Nachfragen bei den Steuerbeh\u00f6rden und Einsprachen, wir kennen uns aus. Wir erledigen f\u00fcr Sie &#8230;<\/p>\n","protected":false},"author":2,"featured_media":0,"parent":0,"menu_order":0,"comment_status":"closed","ping_status":"closed","template":"","meta":{"_seopress_robots_primary_cat":"","_seopress_titles_title":"","_seopress_titles_desc":"","_seopress_robots_index":"","footnotes":""},"class_list":["post-1420","page","type-page","status-publish","hentry"],"_links":{"self":[{"href":"https:\/\/www.topoffice.ch\/index.php?rest_route=\/wp\/v2\/pages\/1420","targetHints":{"allow":["GET"]}}],"collection":[{"href":"https:\/\/www.topoffice.ch\/index.php?rest_route=\/wp\/v2\/pages"}],"about":[{"href":"https:\/\/www.topoffice.ch\/index.php?rest_route=\/wp\/v2\/types\/page"}],"author":[{"embeddable":true,"href":"https:\/\/www.topoffice.ch\/index.php?rest_route=\/wp\/v2\/users\/2"}],"replies":[{"embeddable":true,"href":"https:\/\/www.topoffice.ch\/index.php?rest_route=%2Fwp%2Fv2%2Fcomments&post=1420"}],"version-history":[{"count":17,"href":"https:\/\/www.topoffice.ch\/index.php?rest_route=\/wp\/v2\/pages\/1420\/revisions"}],"predecessor-version":[{"id":1802,"href":"https:\/\/www.topoffice.ch\/index.php?rest_route=\/wp\/v2\/pages\/1420\/revisions\/1802"}],"wp:attachment":[{"href":"https:\/\/www.topoffice.ch\/index.php?rest_route=%2Fwp%2Fv2%2Fmedia&parent=1420"}],"curies":[{"name":"wp","href":"https:\/\/api.w.org\/{rel}","templated":true}]}}